{"id":5938,"date":"2024-02-21T15:43:35","date_gmt":"2024-02-21T14:43:35","guid":{"rendered":"https:\/\/france.euronixa.eu\/?page_id=5938"},"modified":"2024-08-29T11:57:19","modified_gmt":"2024-08-29T09:57:19","slug":"roadmap","status":"publish","type":"page","link":"https:\/\/france.euronixa.eu\/en\/roadmap\/","title":{"rendered":"roadmap"},"content":{"rendered":"<div class=\"wpb-content-wrapper\">\t\t\n\t\t<div data-vc-full-width=\"true\" data-vc-full-width-init=\"false\" data-vc-stretch-content=\"true\" class=\"vc_row wpb_row vc_row-fluid vc_row-65d60e498fcfa vc_row-no-padding\"><div class=\"bg-overlay\">\t\t\t\t\t<\/div>\t\t\n\t\t<div class=\"wpb_column vc_column_container vc_col-sm-12 vc_column_container-69f27ef8788d0\"><div class=\"vc_column-inner\"><div class=\"wpb_wrapper\">\n\t<div class=\"wpb_raw_code wpb_content_element wpb_raw_html\" >\n\t\t<div class=\"wpb_wrapper\">\n\t\t\t<div id=\"custom-timeline\">\n  <div id=\"timeline-content\">\n\n    <ul class=\"timeline\">\n      <li class=\"event\" data-date=\"Ann\u00e9e 2005\">\n        <h3>Cr\u00e9ation du groupement \u00e9conomique EURONIXA<\/h3>\n        <p>Cr\u00e9ation du groupement \u00e9conomique d'int\u00e9r\u00eat europ\u00e9en EURONIXA : European Network Information eXchange Area GEIE en Martinique, lors de la journ\u00e9e de l'Europe.<\/p>\n        <p>Obtention de 900 000 \u20ac pour le projet eTen pour tester un site de g\u00e9olocalisation de taxi collectif entre la Martinique et St Martin pour digitaliser le transport insulaire.<\/p>\n      <\/li>\n      \n      <li class=\"event\" data-date=\"Ann\u00e9e 2008\">\n        <h3>TRL - 0 : Cr\u00e9ation de Bitcoin<\/h3>\n        <p>Satoshi Nakamoto, concepteur du Bitcoin, r\u00e9dige en 2008 un livre blanc d\u00e9crivant le fonctionnement de la premi\u00e8re base de donn\u00e9es construite avec la blockchain.<\/p>\n      <\/li>\n      \n      <li class=\"event\" data-date=\"Ann\u00e9e 2011\">\n        <h3>Cr\u00e9ation du consortium Euronixa<\/h3>\n        <p>N\u00e9 de l\u2019union d\u2019un groupe de projet sp\u00e9cialis\u00e9 en nouvelles technologies, le consortium Euronixa est cr\u00e9\u00e9 mi-2011 \u00e0 Bruxelles, en Belgique.<\/p>\n        <p>Il est immatricul\u00e9 sous le num\u00e9ro de TVA : BE 0836 911 248 et fait office de centre de coordination intracommunautaire pour l'\u00e9cosyst\u00e8me europ\u00e9en dans les secteurs du luxe, du sport, de l'immobilier\/construction, de l'aviation, et de l'automobile.<\/p>\n      <\/li>\n      \n      <li class=\"event\" data-date=\"Ann\u00e9e 2013\">\n        <h3>Projet PhD et Recherche<\/h3>\n        <p>Projet PhD sur l'impact du paiement en P2P sur l'industrie bancaire europ\u00e9enne qui fait face au mur de la dette (CESD\/EIT Digital Lab).<\/p>\n        <p>Arriv\u00e9e de la comp\u00e9tence \"Recherche\" dans l'\u00e9cosyst\u00e8me Euronixa.<\/p>\n      <\/li>\n      \n      <li class=\"event\" data-date=\"Ann\u00e9e 2015\">\n        <h3>Veille technologique \u00e0 Tahiti<\/h3>\n        <p>Veille technologique sur le financement participatif dans le secteur du tourisme \u00e0 Tahiti.<\/p>\n      <\/li>\n      \n      <li class=\"event\" data-date=\"Ann\u00e9e 2018-2019\">\n        <h3>Acquisition de Freelendease<\/h3>\n        <p>Christophe Tavernier rach\u00e8te la plateforme de crowdfunding alsacienne d\u00e9nomm\u00e9e Freelendease.<\/p>\n      <\/li>\n      \n      <li class=\"event\" data-date=\"Ann\u00e9e 2019\">\n        <h3>TRL 1-2 : Vision et D\u00e9veloppement<\/h3>\n        <p>Notre vision : Mise en place de services tels que le financement participatif et l'\u00e9mission de jetons num\u00e9riques (ICO), promotion de l'adoption des actifs crypto-financiers, et formation professionnelle pour nos membres.<\/p>\n        <p>Nous avons approfondi des objets d'\u00e9tude tels que le Green Banking\/Green Mining et le Tokens Launch Pab.<\/p>\n      <\/li>\n      \n      <li class=\"event\" data-date=\"Ann\u00e9e 2020\">\n        <h3>TRL 2-3 : Participation et Expansion<\/h3>\n        <p>Euronixa a particip\u00e9 \u00e0 Disrupt 2020 TechCrunch en tant qu'observateur de la technologie blockchain.<\/p>\n        <p>Lancement de la bo\u00eete \u00e0 outils Venture Lending VL et Venture Capital VC, enregistr\u00e9e \u00e0 Bruxelles pour conclure des accords de transfert de technologie durables.<\/p>\n      <\/li>\n      \n      <li class=\"event\" data-date=\"Ann\u00e9e 2021\">\n        <h3>TRL 3-4 : Enregistrement et Tok\u00e9nisation<\/h3>\n        <p>Enregistrement de FIA Euronixa e[X]ponential Growth sous forme de SLP, sp\u00e9cialis\u00e9 dans la gestion de fonds, avec la tok\u00e9nisation des parts pour valoriser et mat\u00e9rialiser des actifs r\u00e9els dans le monde num\u00e9rique.<\/p>\n      <\/li>\n      \n      <li class=\"event\" data-date=\"Ann\u00e9e 2022\">\n        <h3>TRL 4 : Veille Technologique et IA<\/h3>\n        <p>Veille technologique sur la tokenisation de l'or avec la bourse lMA, et adoption de la technologie ChatGPT pour l'assistance dans les projets de tok\u00e9nisation.<\/p>\n      <\/li>\n      \n      <li class=\"event\" data-date=\"Ann\u00e9e 2023\">\n        <h3>Mise en place de la plateforme Metaverse<\/h3>\n        <p>Mise en place de la plateforme Metaverse Euronixa1, un r\u00e9seau de mondes virtuels immersifs et partag\u00e9s pour nos membres.<\/p>\n        <p>Pr\u00e9paration de la campagne de crowdfunding pour le lancement du token 1Sports.<\/p>\n      <\/li>\n     \n      <li class=\"event\" data-date=\"Ao\u00fbt 2024\">\n        <h3>Lancement des DAO Euronixa Synergie, Prime, et Research<\/h3>\n        <p>Lancement de trois DAO pour g\u00e9rer les initiatives de collaboration intersectorielle, de d\u00e9carbonation et de recherche avanc\u00e9e, permettant une gouvernance d\u00e9centralis\u00e9e et participative.<\/p>\n      <\/li>\n\n<li class=\"event\" data-date=\"Septembre 2024\">\n        <h3>Lancement du Smart Contract de Certification<\/h3>\n        <p>D\u00e9ploiement d'un smart contract pour la certification des membres du consortium via des tokens SBT (Soulbound Tokens), attribu\u00e9s selon leur statut au sein du consortium.<\/p>\n      <\/li>\n\n<li class=\"event\" data-date=\"Octobre 2024\">\n        <h3>Distribution de Tokens en \u00c9change de T\u00e2ches<\/h3>\n        <p>Distribution gratuite de tokens ProofPad aux utilisateurs en \u00e9change de l'accomplissement de t\u00e2ches sur le parcours de comp\u00e9tences et de l'inscription sur la plateforme.<\/p>\n      <\/li>\n\n      <li class=\"event\" data-date=\"Janvier 2025\">\n        <h3>Lancement de la plateforme Proofpad<\/h3>\n        <p>Mise en ligne officielle de la nouvelle plateforme Proofpad, int\u00e9grant toutes les Formations deeptech et services de certifications de comp\u00e9tences blockchain unique.<\/p>\n      <\/li>\n    <\/ul>\n  <\/div>\n<\/div>\n\n\t\t<\/div>\n\t<\/div>\n<\/div><\/div><\/div><\/div><div class=\"vc_row-full-width vc_clearfix\"><\/div>\n<\/div>","protected":false},"excerpt":{"rendered":"Cr\u00e9ation du groupement \u00e9conomique EURONIXA Cr\u00e9ation du groupement \u00e9conomique d'int\u00e9r\u00eat europ\u00e9en EURONIXA : European Network Information eXchange Area GEIE en Martinique, lors de la journ\u00e9e de l'Europe. Obtention de 900 000 \u20ac pour le projet eTen pour tester un site de g\u00e9olocalisation de taxi collectif entre la Martinique et St Martin pour digitaliser le transport [...]","protected":false},"author":1,"featured_media":0,"parent":0,"menu_order":0,"comment_status":"closed","ping_status":"closed","template":"template-landing.php","meta":{"_acf_changed":false,"footnotes":""},"class_list":["post-5938","page","type-page","status-publish","hentry"],"acf":[],"_links":{"self":[{"href":"https:\/\/france.euronixa.eu\/en\/wp-json\/wp\/v2\/pages\/5938","targetHints":{"allow":["GET"]}}],"collection":[{"href":"https:\/\/france.euronixa.eu\/en\/wp-json\/wp\/v2\/pages"}],"about":[{"href":"https:\/\/france.euronixa.eu\/en\/wp-json\/wp\/v2\/types\/page"}],"author":[{"embeddable":true,"href":"https:\/\/france.euronixa.eu\/en\/wp-json\/wp\/v2\/users\/1"}],"replies":[{"embeddable":true,"href":"https:\/\/france.euronixa.eu\/en\/wp-json\/wp\/v2\/comments?post=5938"}],"version-history":[{"count":70,"href":"https:\/\/france.euronixa.eu\/en\/wp-json\/wp\/v2\/pages\/5938\/revisions"}],"predecessor-version":[{"id":6936,"href":"https:\/\/france.euronixa.eu\/en\/wp-json\/wp\/v2\/pages\/5938\/revisions\/6936"}],"wp:attachment":[{"href":"https:\/\/france.euronixa.eu\/en\/wp-json\/wp\/v2\/media?parent=5938"}],"curies":[{"name":"wp","href":"https:\/\/api.w.org\/{rel}","templated":true}]}}