{"id":6394,"date":"2020-04-10T09:34:15","date_gmt":"2020-04-10T09:34:15","guid":{"rendered":"https:\/\/france.euronixa.eu\/split-screen-2\/"},"modified":"2024-07-04T23:50:20","modified_gmt":"2024-07-04T21:50:20","slug":"ecosysteme","status":"publish","type":"page","link":"https:\/\/france.euronixa.eu\/en\/ecosysteme\/","title":{"rendered":"Ecosyst\u00e8me"},"content":{"rendered":"<div class=\"wpb-content-wrapper\">\t\t\n\t\t<div data-vc-full-width=\"true\" data-vc-full-width-init=\"false\" data-vc-stretch-content=\"true\" class=\"vc_row wpb_row vc_row-fluid vc_row-5e90456976237 vc_row-no-padding\">\t\t\n\t\t<div class=\"wpb_column vc_column_container vc_col-sm-12 vc_column_container-69f0a9913275c\"><div class=\"vc_column-inner\"><div class=\"wpb_wrapper\">\t\t<div class=\"split-screen split-screen-5e90450b08484\">\n\t\t\t\t\t\t\t<div class=\"swiper-pagination\"><\/div>\n\t\t\t\t\t\t<div class=\"left-slider swiper-container full-height\">\n\t\t\t\t<div class=\"swiper-wrapper\">\n\t\t\t\t\t\t\t\n\t\t\t\t\n\t\t\t\t\n\t\t\t\t\n\t\t\t\t\t<div class=\"screen-item swiper-slide  screen-item-5e90494957fe5 white\">\n\t\t\t\t\t\t\n\t\t\t\t\t<div class=\"img-content white split-right-5e90494957fe5\">\n\t\t\t\t<div class=\"bg-overlay\">\t\t\t\t\t\t\t\t\t\t\t\t<div class=\"image\" style=\"background-image: url(https:\/\/france.euronixa.eu\/wp-content\/uploads\/2020\/03\/img47.jpg)\"><\/div>\n\t\t\t\t\t\t\t\t\t<\/div>\t\t\t\t\t\t<div class=\"video-button single-popup-item\" data-type=\"video\" data-size=\"1920x1080\" data-video='<div class=\"wrapper\"><div class=\"video-wrapper\"><\/div><\/div>'>\n\t\t\t<span class=\"icon\">\n\t\t\t\t<i class=\"base-icon-play-button\"><\/i>\n\t\t\t<\/span>\n\t\t\t<span>Play Video<\/span>\n\t\t<\/div>\n\t\t\t\t\t<\/div>\n\t\t\t\t\t\t<div class=\"bg-overlay\">\t\t\t\t\t\t\t<div class=\"text\"><span>Digital agency<\/span><\/div>\n\t\t\t\t\t<\/div>\t\t\t\t<div class=\"content\">\n\t\t\t\t\t\t\t<div class=\"heading-block\">\n\t\t\t\t\t\t\t<div class=\"sub-h\">#Incubateur #Accelerateur<\/div>\n\t\t\t\t\t\t\t<div class=\"h h2\">PARIS-SACLAY<br \/>\nHARDWARE ACCELERATOR<\/div>\n\t\t\t\t\t<\/div>\n\t\t\t\t\t\t\t\t\t<div class=\"text\">Situ\u00e9 au c\u0153ur de Paris-Saclay, l\u2019acc\u00e9l\u00e9rateur PSHA (Paris-Saclay Hardware Accelerator) est un acteur incontournable de l\u2019innovation industrielle francilienne. Selon vos besoins et vos objectifs, nous mettrons tout en \u0153uvre pour vous accompagner durant vos phases de d\u00e9veloppement. De l\u2019id\u00e9e \u00e0 la production, en passant par le design, le prototypage, l\u2019industrialisation, la pr\u00e9s\u00e9rie ou pour simplement prendre du recul sur votre projet, nous saurons vous \u00e9pauler \u00e0 chaque \u00e9tape cl\u00e9.<\/div>\n\t\t\t\t\t\t\t\t\t<a class=\"button-style1 accent\" href=\"https:\/\/psha.fr\/\" target=\"_self\" data-magic-cursor=\"link\">\n\t\t\t<span>Site Web<\/span>\n\t\t<\/a>\n\t\t\t\t\t\t<\/div>\n\t\t\t<\/div>\n\t\t\t\t\t<div class=\"screen-item swiper-slide  screen-item-5e905a2c2320c white\">\n\t\t\t\t\t\t\n\t\t\t\t\t<div class=\"img-content white split-right-5e905a2c2320c\">\n\t\t\t\t<div class=\"bg-overlay\">\t\t\t\t\t\t\t\t\t\t\t\t<div class=\"image\" style=\"background-image: url(https:\/\/france.euronixa.eu\/wp-content\/uploads\/2020\/03\/img12-scaled.jpg)\"><\/div>\n\t\t\t\t\t\t\t\t\t<\/div>\t\t\t\t\t\t<div class=\"video-button single-popup-item\" data-type=\"video\" data-size=\"1920x1080\" data-video='<div class=\"wrapper\"><div class=\"video-wrapper\"><iframe class=\"pswp__video\" width=\"1920\" height=\"1080\" src=\"https:\/\/youtube.com\/embed\/eZe4Q_58UTU\" frameborder=\"0\" allowfullscreen=\"\"><\/iframe><\/div><\/div>'>\n\t\t\t<span class=\"icon\">\n\t\t\t\t<i class=\"base-icon-play-button\"><\/i>\n\t\t\t<\/span>\n\t\t\t<span>Play Video<\/span>\n\t\t<\/div>\n\t\t\t\t\t<\/div>\n\t\t\t\t\t\t<div class=\"bg-overlay\">\t\t\t\t\t\t\t<div class=\"text\"><span>Digital agency<\/span><\/div>\n\t\t\t\t\t<\/div>\t\t\t\t<div class=\"content\">\n\t\t\t\t\t\t\t<div class=\"heading-block\">\n\t\t\t\t\t\t\t<div class=\"sub-h\">#Laboratoire #Recherche<\/div>\n\t\t\t\t\t\t\t<div class=\"h h2\">LABORATOIRE<br \/>\nQUARTZ<\/div>\n\t\t\t\t\t<\/div>\n\t\t\t\t\t\t\t\t\t<div class=\"text\">Le laboratoire Quartz est une unit\u00e9 de recherche pluridisciplinaire d\u00e9di\u00e9e \u00e0 l\u2019ing\u00e9nierie des syst\u00e8mes complexes. Il est structur\u00e9 en deux axes de recherche regroupant des th\u00e9matiques scientifiques disciplinaires et pluridisciplinaires qui sont : Syst\u00e8mes Complexes Physique Num\u00e9rique (SCPN) ; Comportement des Syst\u00e8mes M\u00e9caniques et Mat\u00e9riaux (CoS2M).<\/div>\n\t\t\t\t\t\t\t\t\t<a class=\"button-style1 accent\" href=\"https:\/\/www.quartz-lab.fr\/presentation\" target=\"_self\" data-magic-cursor=\"link\">\n\t\t\t<span>Site web<\/span>\n\t\t<\/a>\n\t\t\t\t\t\t<\/div>\n\t\t\t<\/div>\n\t\t\t\t\t<div class=\"screen-item swiper-slide  screen-item-5e905a3be985a white\">\n\t\t\t\t\t\t\n\t\t\t\t\t<div class=\"img-content white split-right-5e905a3be985a\">\n\t\t\t\t<div class=\"bg-overlay\">\t\t\t\t\t\t\t\t\t\t\t\t<div class=\"image\" style=\"background-image: url(https:\/\/france.euronixa.eu\/wp-content\/uploads\/2020\/03\/img15.jpg)\"><\/div>\n\t\t\t\t\t\t\t\t\t<\/div>\t\t\t\t\t\t\t<\/div>\n\t\t\t\t\t\t<div class=\"bg-overlay\">\t\t\t\t\t\t\t<div class=\"text\"><span>Digital agency<\/span><\/div>\n\t\t\t\t\t<\/div>\t\t\t\t<div class=\"content\">\n\t\t\t\t\t\t\t<div class=\"heading-block\">\n\t\t\t\t\t\t\t<div class=\"sub-h\">#Recherche #Laboratoire #Ecole<\/div>\n\t\t\t\t\t\t\t<div class=\"h h2\">ECAM-EPMI<br \/>\nEco-Innovation Industrielle et Energ\u00e9tique<\/div>\n\t\t\t\t\t<\/div>\n\t\t\t\t\t\t\t\t\t<div class=\"text\">Par sa strat\u00e9gie de formation par et pour la recherche et l\u2019innovation, ECAM-EPMI contribue \u00e0 l\u2019avanc\u00e9e des connaissances scientifiques et technologiques aux niveaux national et international dans des domaines de recherche les plus dynamiques, en relation directe avec les multiples interrogations de la soci\u00e9t\u00e9 de demain (Energie, mobilit\u00e9, habitat, e-services,\u2026) et les nouveaux d\u00e9fis et challenges du monde industriel en pleine mutation technologique et organisationnelle (num\u00e9rique, nouvelles technologies, cyber s\u00e9curit\u00e9, AIA, \u2026).<\/div>\n\t\t\t\t\t\t\t\t\t<a class=\"button-style1 accent\" href=\"https:\/\/www.ecam-epmi.fr\/lecole\/la-recherche\/\" target=\"_self\" data-magic-cursor=\"link\">\n\t\t\t<span>Site Web<\/span>\n\t\t<\/a>\n\t\t\t\t\t\t<\/div>\n\t\t\t<\/div>\n\t\t\t\t\t<div class=\"screen-item swiper-slide  screen-item-5ea14b6bcdcbd white\">\n\t\t\t\t\t\t\n\t\t\t\t\t<div class=\"img-content white split-right-5ea14b6bcdcbd\">\n\t\t\t\t<div class=\"bg-overlay\">\t\t\t\t\t\t\t\t\t\t\t\t<div class=\"image\" style=\"background-image: url(https:\/\/france.euronixa.eu\/wp-content\/uploads\/2020\/03\/img10.jpg)\"><\/div>\n\t\t\t\t\t\t\t\t\t<\/div>\t\t\t\t\t\t<div class=\"video-button single-popup-item\" data-type=\"video\" data-size=\"1920x1080\" data-video='<div class=\"wrapper\"><div class=\"video-wrapper\"><iframe class=\"pswp__video\" width=\"1920\" height=\"1080\" src=\"https:\/\/youtube.com\/embed\/eZe4Q_58UTU\" frameborder=\"0\" allowfullscreen=\"\"><\/iframe><\/div><\/div>'>\n\t\t\t<span class=\"icon\">\n\t\t\t\t<i class=\"base-icon-play-button\"><\/i>\n\t\t\t<\/span>\n\t\t\t<span>Play Video<\/span>\n\t\t<\/div>\n\t\t\t\t\t<\/div>\n\t\t\t\t\t\t<div class=\"bg-overlay\">\t\t\t\t\t\t\t<div class=\"text\"><span>Digital agency<\/span><\/div>\n\t\t\t\t\t<\/div>\t\t\t\t<div class=\"content\">\n\t\t\t\t\t\t\t<div class=\"heading-block\">\n\t\t\t\t\t\t\t<div class=\"sub-h\">#F\u00e9d\u00e9ration #Blockchain<\/div>\n\t\t\t\t\t\t\t<div class=\"h h2\">FEDERATION FRANCAISE DES<br \/>\nPROFESSIONNELS DE LA BLOCKCHAIN<\/div>\n\t\t\t\t\t<\/div>\n\t\t\t\t\t\t\t\t\t<div class=\"text\">Cr\u00e9\u00e9e \u00e0 l'instigation du d\u00e9put\u00e9 Jean-Michel Mis et de l'expert fran\u00e7ais R\u00e9my Andr\u00e9 Ozcan, la F\u00e9d\u00e9ration fran\u00e7aise des professionnels de la Blockchain, plac\u00e9e sous le r\u00e9gime de la loi 1901 (RNAW751257279), a pour objectif de devenir le premier r\u00e9seau d'affaires fran\u00e7ais des professionnels de la Blockchain. .<br \/>\nOfficiellement soutenue par le secr\u00e9taire d'\u00c9tat charg\u00e9 du Num\u00e9rique, C\u00e9dric O, la F\u00e9d\u00e9ration entend non seulement f\u00e9d\u00e9rer et structurer efficacement l'\u00e9cosyst\u00e8me fran\u00e7ais mais aussi porter la vision fran\u00e7aise de la Blockchain \u00e0 l'international.<\/div>\n\t\t\t\t\t\t\t\t\t<a class=\"button-style1 accent\" href=\"https:\/\/www.federation-blockchain.fr\/\" target=\"_blank\" data-magic-cursor=\"link\">\n\t\t\t<span>Site WEB<\/span>\n\t\t<\/a>\n\t\t\t\t\t\t<\/div>\n\t\t\t<\/div>\n\t\t\t\t\t\t<\/div>\n\t\t\t<\/div>\n\t\t\t\t\t\t\t<div class=\"right-slider swiper-container full-height\">\n\t\t\t\t\t<div class=\"swiper-wrapper\">\n\t\t\t\t\t\t\t\t\n\t\t\t\t\t<div class=\"swiper-slide white split-right-5e90494957fe5\">\n\t\t\t\t<div class=\"bg-overlay\">\t\t\t\t\t\t\t\t\t\t\t\t<div class=\"image\" style=\"background-image: url(https:\/\/france.euronixa.eu\/wp-content\/uploads\/2020\/03\/img47.jpg)\"><\/div>\n\t\t\t\t\t\t\t\t\t<\/div>\t\t\t\t\t\t<div class=\"video-button single-popup-item\" data-type=\"video\" data-size=\"1920x1080\" data-video='<div class=\"wrapper\"><div class=\"video-wrapper\"><\/div><\/div>'>\n\t\t\t<span class=\"icon\">\n\t\t\t\t<i class=\"base-icon-play-button\"><\/i>\n\t\t\t<\/span>\n\t\t\t<span>Play Video<\/span>\n\t\t<\/div>\n\t\t\t\t\t<\/div>\n\t\t\t\t\n\t\t\t\t\t<div class=\"swiper-slide white split-right-5e905a2c2320c\">\n\t\t\t\t<div class=\"bg-overlay\">\t\t\t\t\t\t\t\t\t\t\t\t<div class=\"image\" style=\"background-image: url(https:\/\/france.euronixa.eu\/wp-content\/uploads\/2020\/03\/img12-scaled.jpg)\"><\/div>\n\t\t\t\t\t\t\t\t\t<\/div>\t\t\t\t\t\t<div class=\"video-button single-popup-item\" data-type=\"video\" data-size=\"1920x1080\" data-video='<div class=\"wrapper\"><div class=\"video-wrapper\"><iframe class=\"pswp__video\" width=\"1920\" height=\"1080\" src=\"https:\/\/youtube.com\/embed\/eZe4Q_58UTU\" frameborder=\"0\" allowfullscreen=\"\"><\/iframe><\/div><\/div>'>\n\t\t\t<span class=\"icon\">\n\t\t\t\t<i class=\"base-icon-play-button\"><\/i>\n\t\t\t<\/span>\n\t\t\t<span>Play Video<\/span>\n\t\t<\/div>\n\t\t\t\t\t<\/div>\n\t\t\t\t\n\t\t\t\t\t<div class=\"swiper-slide white split-right-5e905a3be985a\">\n\t\t\t\t<div class=\"bg-overlay\">\t\t\t\t\t\t\t\t\t\t\t\t<div class=\"image\" style=\"background-image: url(https:\/\/france.euronixa.eu\/wp-content\/uploads\/2020\/03\/img15.jpg)\"><\/div>\n\t\t\t\t\t\t\t\t\t<\/div>\t\t\t\t\t\t\t<\/div>\n\t\t\t\t\n\t\t\t\t\t<div class=\"swiper-slide white split-right-5ea14b6bcdcbd\">\n\t\t\t\t<div class=\"bg-overlay\">\t\t\t\t\t\t\t\t\t\t\t\t<div class=\"image\" style=\"background-image: url(https:\/\/france.euronixa.eu\/wp-content\/uploads\/2020\/03\/img10.jpg)\"><\/div>\n\t\t\t\t\t\t\t\t\t<\/div>\t\t\t\t\t\t<div class=\"video-button single-popup-item\" data-type=\"video\" data-size=\"1920x1080\" data-video='<div class=\"wrapper\"><div class=\"video-wrapper\"><iframe class=\"pswp__video\" width=\"1920\" height=\"1080\" src=\"https:\/\/youtube.com\/embed\/eZe4Q_58UTU\" frameborder=\"0\" allowfullscreen=\"\"><\/iframe><\/div><\/div>'>\n\t\t\t<span class=\"icon\">\n\t\t\t\t<i class=\"base-icon-play-button\"><\/i>\n\t\t\t<\/span>\n\t\t\t<span>Play Video<\/span>\n\t\t<\/div>\n\t\t\t\t\t<\/div>\n\t\t\t\t\t\t\t<\/div>\n\t\t\t\t<\/div>\n\t\t\t\t\t<\/div>\n\n\t\t<\/div><\/div><\/div><\/div><div class=\"vc_row-full-width vc_clearfix\"><\/div>\n<\/div>","protected":false},"excerpt":{"rendered":"Play Video Digital agency #Incubateur #Accelerateur PARIS-SACLAY HARDWARE ACCELERATOR Situ\u00e9 au c\u0153ur de Paris-Saclay, l\u2019acc\u00e9l\u00e9rateur PSHA (Paris-Saclay Hardware Accelerator) est un acteur incontournable de l\u2019innovation industrielle francilienne. Selon vos besoins et vos objectifs, nous mettrons tout en \u0153uvre pour vous accompagner durant vos phases de d\u00e9veloppement. De l\u2019id\u00e9e \u00e0 la production, en passant par le [...]","protected":false},"author":1,"featured_media":0,"parent":0,"menu_order":0,"comment_status":"closed","ping_status":"closed","template":"template-landing.php","meta":{"_acf_changed":false,"footnotes":""},"class_list":["post-6394","page","type-page","status-publish","hentry"],"acf":[],"_links":{"self":[{"href":"https:\/\/france.euronixa.eu\/en\/wp-json\/wp\/v2\/pages\/6394","targetHints":{"allow":["GET"]}}],"collection":[{"href":"https:\/\/france.euronixa.eu\/en\/wp-json\/wp\/v2\/pages"}],"about":[{"href":"https:\/\/france.euronixa.eu\/en\/wp-json\/wp\/v2\/types\/page"}],"author":[{"embeddable":true,"href":"https:\/\/france.euronixa.eu\/en\/wp-json\/wp\/v2\/users\/1"}],"replies":[{"embeddable":true,"href":"https:\/\/france.euronixa.eu\/en\/wp-json\/wp\/v2\/comments?post=6394"}],"version-history":[{"count":11,"href":"https:\/\/france.euronixa.eu\/en\/wp-json\/wp\/v2\/pages\/6394\/revisions"}],"predecessor-version":[{"id":6571,"href":"https:\/\/france.euronixa.eu\/en\/wp-json\/wp\/v2\/pages\/6394\/revisions\/6571"}],"wp:attachment":[{"href":"https:\/\/france.euronixa.eu\/en\/wp-json\/wp\/v2\/media?parent=6394"}],"curies":[{"name":"wp","href":"https:\/\/api.w.org\/{rel}","templated":true}]}}