{"id":6558,"date":"2024-07-04T22:24:17","date_gmt":"2024-07-04T20:24:17","guid":{"rendered":"https:\/\/france.euronixa.eu\/?page_id=6558"},"modified":"2024-07-05T00:53:38","modified_gmt":"2024-07-04T22:53:38","slug":"dao","status":"publish","type":"page","link":"https:\/\/france.euronixa.eu\/en\/dao\/","title":{"rendered":"DAO"},"content":{"rendered":"<div class=\"wpb-content-wrapper\">\t\t\n\t\t<div data-vc-full-width=\"true\" data-vc-full-width-init=\"false\" data-vc-stretch-content=\"true\" class=\"vc_row wpb_row vc_row-fluid vc_row-5e90456976237 vc_row-no-padding\">\t\t\n\t\t<div class=\"wpb_column vc_column_container vc_col-sm-12 vc_column_container-69f28e8962dc3\"><div class=\"vc_column-inner\"><div class=\"wpb_wrapper\">\t\t<div class=\"split-screen split-screen-5e90450b08484\">\n\t\t\t\t\t\t\t<div class=\"swiper-pagination\"><\/div>\n\t\t\t\t\t\t<div class=\"left-slider swiper-container full-height\">\n\t\t\t\t<div class=\"swiper-wrapper\">\n\t\t\t\t\t\t\t\n\t\t\t\t\t<div class=\"screen-item swiper-slide  screen-item-5e90494957fe5 white\">\n\t\t\t\t\t\t\n\t\t\t\t\t<div class=\"img-content white split-right-5e90494957fe5\">\n\t\t\t\t<div class=\"bg-overlay\">\t\t\t\t\t\t\t\t\t\t\t\t<div class=\"image\" style=\"background-image: url(https:\/\/france.euronixa.eu\/wp-content\/uploads\/2020\/03\/img47.jpg)\"><\/div>\n\t\t\t\t\t\t\t\t\t<\/div>\t\t\t\t\t\t\t<\/div>\n\t\t\t\t\t\t<div class=\"bg-overlay\">\t\t\t\t\t\t\t<div class=\"text\"><span>DAO<\/span><\/div>\n\t\t\t\t\t<\/div>\t\t\t\t<div class=\"content\">\n\t\t\t\t\t\t\t<div class=\"heading-block\">\n\t\t\t\t\t\t\t<div class=\"sub-h\">#DAO #Gouvernance<\/div>\n\t\t\t\t\t\t\t<div class=\"h h2\">EURONIXADAO<\/div>\n\t\t\t\t\t<\/div>\n\t\t\t\t\t\t\t\t\t<div class=\"text\">Notre mission est de cr\u00e9er un \u00e9cosyst\u00e8me durable et innovant o\u00f9 chaque membre a une voix et peut participer activement \u00e0 la prise de d\u00e9cisions.<\/p>\n<p>Nos Objectifs<br \/>\nGouvernance D\u00e9centralis\u00e9e : Assurer une prise de d\u00e9cision collective et transparente gr\u00e2ce \u00e0 des votes \u00e9quitables.<br \/>\nTokens de Gouvernance (EURNX) : Utilis\u00e9s pour voter sur les propositions et influencer les d\u00e9cisions cl\u00e9s.<br \/>\nParticipation Active : R\u00e9compenses pour les membres impliqu\u00e9s et contributions significatives.<br \/>\nTransparence Financi\u00e8re : Suivi et gestion des fonds en toute transparence via des contrats intelligents.<\/div>\n\t\t\t\t\t\t\t\t\t<a class=\"button-style1 accent\" href=\"https:\/\/app.aragon.org\/#\/daos\/sepolia\/0x2a40598f09b0c13eebd6b06b1432872f57c9a4fd\/dashboard\" target=\"_self\" data-magic-cursor=\"link\">\n\t\t\t<span>DAO<\/span>\n\t\t<\/a>\n\t\t\t\t\t\t<\/div>\n\t\t\t<\/div>\n\t\t\t\t\t\t<\/div>\n\t\t\t<\/div>\n\t\t\t\t\t\t\t<div class=\"right-slider swiper-container full-height\">\n\t\t\t\t\t<div class=\"swiper-wrapper\">\n\t\t\t\t\t\t\t\t\n\t\t\t\t\t<div class=\"swiper-slide white split-right-5e90494957fe5\">\n\t\t\t\t<div class=\"bg-overlay\">\t\t\t\t\t\t\t\t\t\t\t\t<div class=\"image\" style=\"background-image: url(https:\/\/france.euronixa.eu\/wp-content\/uploads\/2020\/03\/img47.jpg)\"><\/div>\n\t\t\t\t\t\t\t\t\t<\/div>\t\t\t\t\t\t\t<\/div>\n\t\t\t\t\t\t\t<\/div>\n\t\t\t\t<\/div>\n\t\t\t\t\t<\/div>\n\n\t\t<\/div><\/div><\/div><\/div><div class=\"vc_row-full-width vc_clearfix\"><\/div>\n<\/div>","protected":false},"excerpt":{"rendered":"DAO #DAO #Gouvernance EURONIXADAO Notre mission est de cr\u00e9er un \u00e9cosyst\u00e8me durable et innovant o\u00f9 chaque membre a une voix et peut participer activement \u00e0 la prise de d\u00e9cisions. Nos Objectifs Gouvernance D\u00e9centralis\u00e9e : Assurer une prise de d\u00e9cision collective et transparente gr\u00e2ce \u00e0 des votes \u00e9quitables. Tokens de Gouvernance (EURNX) : Utilis\u00e9s pour voter [...]","protected":false},"author":1,"featured_media":0,"parent":0,"menu_order":0,"comment_status":"closed","ping_status":"closed","template":"template-landing.php","meta":{"_acf_changed":false,"footnotes":""},"class_list":["post-6558","page","type-page","status-publish","hentry"],"acf":[],"_links":{"self":[{"href":"https:\/\/france.euronixa.eu\/en\/wp-json\/wp\/v2\/pages\/6558","targetHints":{"allow":["GET"]}}],"collection":[{"href":"https:\/\/france.euronixa.eu\/en\/wp-json\/wp\/v2\/pages"}],"about":[{"href":"https:\/\/france.euronixa.eu\/en\/wp-json\/wp\/v2\/types\/page"}],"author":[{"embeddable":true,"href":"https:\/\/france.euronixa.eu\/en\/wp-json\/wp\/v2\/users\/1"}],"replies":[{"embeddable":true,"href":"https:\/\/france.euronixa.eu\/en\/wp-json\/wp\/v2\/comments?post=6558"}],"version-history":[{"count":7,"href":"https:\/\/france.euronixa.eu\/en\/wp-json\/wp\/v2\/pages\/6558\/revisions"}],"predecessor-version":[{"id":6578,"href":"https:\/\/france.euronixa.eu\/en\/wp-json\/wp\/v2\/pages\/6558\/revisions\/6578"}],"wp:attachment":[{"href":"https:\/\/france.euronixa.eu\/en\/wp-json\/wp\/v2\/media?parent=6558"}],"curies":[{"name":"wp","href":"https:\/\/api.w.org\/{rel}","templated":true}]}}