{"id":6737,"date":"2024-08-28T20:26:22","date_gmt":"2024-08-28T18:26:22","guid":{"rendered":"https:\/\/france.euronixa.eu\/?page_id=6737"},"modified":"2024-08-28T20:26:22","modified_gmt":"2024-08-28T18:26:22","slug":"gpdr","status":"publish","type":"page","link":"https:\/\/france.euronixa.eu\/en\/gpdr\/","title":{"rendered":"GPDR"},"content":{"rendered":"<div class=\"wpb-content-wrapper\">\t\t\n\t\t<div class=\"vc_row wpb_row vc_row-fluid vc_row-69f27d4d5a1e2\">\t\t\n\t\t<div class=\"wpb_column vc_column_container vc_col-sm-12 vc_column_container-69f27d4d5a751\"><div class=\"vc_column-inner\"><div class=\"wpb_wrapper\">\n\t<div class=\"wpb_raw_code wpb_content_element wpb_raw_html\" >\n\t\t<div class=\"wpb_wrapper\">\n\t\t\t<!DOCTYPE html>\n<html lang=\"fr\">\n<head>\n    <meta charset=\"UTF-8\">\n    <meta name=\"viewport\" content=\"width=device-width, initial-scale=1.0\">\n    <title>Politique de Confidentialit\u00e9 - Euronixa<\/title>\n    <style>\n        body {\n            font-family: Arial, sans-serif;\n            margin: 20px;\n            line-height: 1.6;\n        }\n        h3, h4 {\n            color: #333;\n        }\n        ul {\n            margin-left: 20px;\n        }\n    <\/style>\n<\/head>\n<body>\n    <h3>Politique de Confidentialit\u00e9 (GDPR)<\/h3>\n    \n    <h4>1. Introduction<\/h4>\n    <p>Bienvenue sur le site euronixa.fr (ci-apr\u00e8s \u00ab le Site \u00bb), exploit\u00e9 par Euronixa. Nous nous engageons \u00e0 prot\u00e9ger la confidentialit\u00e9 de vos informations personnelles. Cette Politique de Confidentialit\u00e9 d\u00e9crit comment nous collectons, utilisons et prot\u00e9geons vos donn\u00e9es personnelles conform\u00e9ment au R\u00e8glement G\u00e9n\u00e9ral sur la Protection des Donn\u00e9es (RGPD).<\/p>\n    \n    <h4>2. Responsable du Traitement des Donn\u00e9es<\/h4>\n    <p>Le responsable du traitement des donn\u00e9es pour le Site est Euronixa, 10 AVENUE GEORGE V 75008 PARIS, (+33) 01 88 24 40 46, contact@euronixa.eu.<\/p>\n    \n    <h4>3. Donn\u00e9es Personnelles Collect\u00e9es<\/h4>\n    <p>Nous collectons les donn\u00e9es personnelles suivantes :<\/p>\n    <ul>\n        <li>Nom et pr\u00e9nom<\/li>\n        <li>Adresse e-mail<\/li>\n        <li>Num\u00e9ro de t\u00e9l\u00e9phone<\/li>\n        <li>Adresse postale<\/li>\n        <li>Informations de paiement (si applicable)<\/li>\n        <li>Adresse IP et donn\u00e9es de navigation<\/li>\n    <\/ul>\n    \n    <h4>4. Utilisation des Donn\u00e9es Personnelles<\/h4>\n    <p>Nous utilisons vos donn\u00e9es personnelles pour :<\/p>\n    <ul>\n        <li>Fournir et g\u00e9rer nos services et produits<\/li>\n        <li>Communiquer avec vous concernant votre compte ou vos transactions<\/li>\n        <li>Am\u00e9liorer notre site et nos services<\/li>\n        <li>Respecter les obligations l\u00e9gales<\/li>\n        <li>Personnaliser votre exp\u00e9rience utilisateur<\/li>\n    <\/ul>\n    \n    <h4>5. Partage des Donn\u00e9es Personnelles<\/h4>\n    <p>Nous ne partageons pas vos donn\u00e9es personnelles avec des tiers, sauf dans les cas suivants :<\/p>\n    <ul>\n        <li>Lorsque cela est n\u00e9cessaire pour fournir nos services<\/li>\n        <li>Pour se conformer \u00e0 une obligation l\u00e9gale ou r\u00e9glementaire<\/li>\n        <li>Avec votre consentement explicite<\/li>\n        <li>Pour prot\u00e9ger nos droits, notre s\u00e9curit\u00e9 ou la s\u00e9curit\u00e9 des autres<\/li>\n    <\/ul>\n    \n    <h4>6. Conservation des Donn\u00e9es<\/h4>\n    <p>Nous conservons vos donn\u00e9es personnelles uniquement pendant la dur\u00e9e n\u00e9cessaire pour atteindre les objectifs pour lesquels elles ont \u00e9t\u00e9 collect\u00e9es, ou pour se conformer aux exigences l\u00e9gales.<\/p>\n    \n    <h4>7. Vos Droits<\/h4>\n    <p>Conform\u00e9ment au RGPD, vous avez le droit de :<\/p>\n    <ul>\n        <li>Acc\u00e9der \u00e0 vos donn\u00e9es personnelles<\/li>\n        <li>Rectifier vos donn\u00e9es personnelles<\/li>\n        <li>Supprimer vos donn\u00e9es personnelles<\/li>\n        <li>Limiter le traitement de vos donn\u00e9es personnelles<\/li>\n        <li>Vous opposer au traitement de vos donn\u00e9es personnelles<\/li>\n        <li>Portabilit\u00e9 des donn\u00e9es<\/li>\n    <\/ul>\n    <p>Pour exercer ces droits, veuillez nous contacter \u00e0 l'adresse e-mail suivante : [adresse e-mail de contact].<\/p>\n    \n    <h4>8. S\u00e9curit\u00e9 des Donn\u00e9es<\/h4>\n    <p>Nous prenons des mesures techniques et organisationnelles appropri\u00e9es pour prot\u00e9ger vos donn\u00e9es personnelles contre la perte, le vol, et l'acc\u00e8s non autoris\u00e9.<\/p>\n    \n    <h4>9. Cookies<\/h4>\n    <p>Le Site utilise des cookies pour am\u00e9liorer l'exp\u00e9rience utilisateur. Vous pouvez configurer votre navigateur pour refuser les cookies, mais cela peut affecter votre capacit\u00e9 \u00e0 utiliser certaines fonctionnalit\u00e9s du Site.<\/p>\n    \n    <h4>10. Modifications de la Politique de Confidentialit\u00e9<\/h4>\n    <p>Nous pouvons mettre \u00e0 jour cette Politique de Confidentialit\u00e9 de temps en temps. Nous vous informerons de tout changement en publiant la nouvelle politique sur cette page.<\/p>\n    \n    <h4>11. Contact<\/h4>\n    <p>Si vous avez des questions ou des pr\u00e9occupations concernant cette Politique de Confidentialit\u00e9 ou la mani\u00e8re dont nous traitons vos donn\u00e9es personnelles, veuillez nous contacter \u00e0 l'adresse e-mail suivante : [adresse e-mail de contact].<\/p>\n\n<\/body>\n<\/html>\n\n\t\t<\/div>\n\t<\/div>\n<\/div><\/div><\/div><\/div>\n<\/div>","protected":false},"excerpt":{"rendered":"Politique de Confidentialit\u00e9 - Euronixa Politique de Confidentialit\u00e9 (GDPR) 1. Introduction Bienvenue sur le site euronixa.fr (ci-apr\u00e8s \u00ab le Site \u00bb), exploit\u00e9 par Euronixa. Nous nous engageons \u00e0 prot\u00e9ger la confidentialit\u00e9 de vos informations personnelles. Cette Politique de Confidentialit\u00e9 d\u00e9crit comment nous collectons, utilisons et prot\u00e9geons vos donn\u00e9es personnelles conform\u00e9ment au R\u00e8glement G\u00e9n\u00e9ral sur la [...]","protected":false},"author":1,"featured_media":0,"parent":0,"menu_order":0,"comment_status":"closed","ping_status":"closed","template":"template-landing.php","meta":{"_acf_changed":false,"footnotes":""},"class_list":["post-6737","page","type-page","status-publish","hentry"],"acf":[],"_links":{"self":[{"href":"https:\/\/france.euronixa.eu\/en\/wp-json\/wp\/v2\/pages\/6737","targetHints":{"allow":["GET"]}}],"collection":[{"href":"https:\/\/france.euronixa.eu\/en\/wp-json\/wp\/v2\/pages"}],"about":[{"href":"https:\/\/france.euronixa.eu\/en\/wp-json\/wp\/v2\/types\/page"}],"author":[{"embeddable":true,"href":"https:\/\/france.euronixa.eu\/en\/wp-json\/wp\/v2\/users\/1"}],"replies":[{"embeddable":true,"href":"https:\/\/france.euronixa.eu\/en\/wp-json\/wp\/v2\/comments?post=6737"}],"version-history":[{"count":1,"href":"https:\/\/france.euronixa.eu\/en\/wp-json\/wp\/v2\/pages\/6737\/revisions"}],"predecessor-version":[{"id":6741,"href":"https:\/\/france.euronixa.eu\/en\/wp-json\/wp\/v2\/pages\/6737\/revisions\/6741"}],"wp:attachment":[{"href":"https:\/\/france.euronixa.eu\/en\/wp-json\/wp\/v2\/media?parent=6737"}],"curies":[{"name":"wp","href":"https:\/\/api.w.org\/{rel}","templated":true}]}}